{"id":440,"date":"2014-11-17T21:53:56","date_gmt":"2014-11-17T20:53:56","guid":{"rendered":"https:\/\/esta-etats-unis.net\/wie-erhalte-ich-eine-elektronische-reisegenehmigung-esta-fuer-die-usa\/"},"modified":"2025-09-23T10:16:22","modified_gmt":"2025-09-23T09:16:22","slug":"wie-erhalte-ich-eine-elektronische-reisegenehmigung-esta-fuer-die-usa","status":"publish","type":"page","link":"https:\/\/esta-etats-unis.net\/de\/","title":{"rendered":"Wie man eine elektronische Reisegenehmigung ESTA f\u00fcr die USA erh\u00e4lt"},"content":{"rendered":"\n<p>ESTA, Electronic System for Travel Authorization, ist ein elektronisches System zur Reisegenehmigung f\u00fcr die USA. Dieses System wurde eingef\u00fchrt, um die Sicherheit bei Reisen in die USA zu erh\u00f6hen. Die <a href=\"https:\/\/esta-etats-unis.net\/de\/warum-sollte-man-vor-einer-reise-in-die-usa-einen-esta-antrag-stellen\/\">ESTA-Reisegenehmigung<\/a> f\u00fcr die USA wird allen Personen aus einem Land erteilt, das am Programm f\u00fcr visumfreies Reisen teilnimmt, und deren Reise zu touristischen, gesch\u00e4ftlichen oder Transitzwecken nicht l\u00e4nger als 90 Tage dauert. Wir erkl\u00e4ren Ihnen das ESTA-Formular, die Informationen, die Sie eintragen m\u00fcssen, und wie Sie die Informationen in Ihrem ESTA USA \u00e4ndern k\u00f6nnen.<\/p>\n\n<h2 class=\"wp-block-heading\"><span style=\"font-weight: 400;\">Kann ich das ESTA-Formular ausf\u00fcllen, um in die USA zu reisen?<\/span><\/h2>\n\n<p><span style=\"font-weight: 400;\">Wenn Sie Staatsangeh\u00f6riger eines der L\u00e4nder sind, die am Visa Waiver Program (VWP) teilnehmen, k\u00f6nnen Sie m\u00f6glicherweise ein ESTA beantragen. Die Liste der betroffenen L\u00e4nder ist wie folgt: Andorra, Australien, \u00d6sterreich, Belgien, Brunei, Chile, S\u00fcdkorea, Kroatien, D\u00e4nemark, Deutschland, Estland, Finnland, Frankreich, Griechenland, Ungarn, Irland, Island, Israel, Italien, Japan, Niederlande, Lettland, Liechtenstein, Litauen, Luxemburg, Malta, Monaco, Norwegen, Neuseeland, Polen, Portugal, Tschechische Republik, Gro\u00dfbritannien, San Marino, Singapur, Slowakei, Slowenien, Spanien, Schweden, Schweiz und Taiwan. <\/span><\/p>\n\n<p><span style=\"font-weight: 400;\">Es ist zwingend erforderlich, dass Sie einen biometrischen oder elektronischen Reisepass besitzen, bevor Sie Ihren Antrag online stellen.<\/span><\/p>\n\n<p><span style=\"font-weight: 400;\">Dar\u00fcber hinaus m\u00fcssen Sie f\u00fcr einen touristischen, gesch\u00e4ftlichen oder Transitaufenthalt einreisen. Der Aufenthalt in den USA darf nicht l\u00e4nger als 90 Tage dauern.  Es ist von den US-Beh\u00f6rden strengstens verboten, sich l\u00e4nger als eine bestimmte Zeit auf amerikanischem Boden aufzuhalten; Sie w\u00fcrden sich mit dieser Handlung illegal verhalten. Wenn Sie l\u00e4nger in den USA bleiben m\u00f6chten, beantragen Sie stattdessen ein <a href=\"https:\/\/usa-b2.com\/de\/b2-visum\/\">amerikanisches B2-Visum<\/a>.<\/span><\/p>\n\n<p><span style=\"font-weight: 400;\">Die Reise von Ihrem Heimatland in die USA muss auf dem Luft- oder Seeweg mit einer von der US-Regierung anerkannten Fluggesellschaft erfolgen.<\/span><\/p>\n\n<p><span style=\"font-weight: 400;\">Au\u00dferdem d\u00fcrfen Sie seit M\u00e4rz 2011 nicht in die folgenden L\u00e4nder gereist sein: Iran, Irak, Jemen, Somalia, Libyen, Syrien oder Sudan. In diesem Fall wird Ihr Antrag automatisch abgelehnt.<\/span><\/p>\n\n<p><span style=\"font-weight: 400;\">Sie erf\u00fcllen alle diese Kriterien, dann erkl\u00e4ren wir Ihnen, wie Sie Ihr <a href=\"https:\/\/esta-etats-unis.net\/de\/wie-fuelle-ich-das-esta-formular-fuer-eine-reise-in-die-usa-aus\/\">ESTA f\u00fcr die USA<\/a> bestellen k\u00f6nnen.<\/span><\/p>\n\n<h2 class=\"wp-block-heading\"><span style=\"font-weight: 400;\">Auf welchen Internetseiten kann ich mich bewerben?<\/span><\/h2>\n\n<p><span style=\"font-weight: 400;\">Anders als bei der Beantragung eines US-Visums muss der Antragsteller nicht zur US-Botschaft reisen, um ein ESTA zu beantragen. Alles geschieht online und mit wenigen Klicks. Sie m\u00fcssen keine Papierdokumente ausf\u00fcllen, das Formular ist online verf\u00fcgbar. Mit der Bezahlung der Bestellung wird Ihre Autorisierungsanfrage g\u00fcltig, daher ist es hilfreich, wenn Sie beim Ausf\u00fcllen des Online-Fragebogens Ihre Kreditkarte dabei haben. Ohne Zahlung wird Ihr Antrag nicht ber\u00fccksichtigt.<\/span><\/p>\n\n<p><span style=\"font-weight: 400;\">Sie m\u00fcssen Ihren <a href=\"https:\/\/esta-etats-unis.net\/de\/wie-beantrage-ich-ein-visum-bei-der-us-botschaft\/\">ESTA-Antrag<\/a> f\u00fcr die USA auf der <a href=\"https:\/\/esta.cbp.dhs.gov\/\">offiziellen Website der Regierung<\/a> stellen.<\/span><\/p>\n\n<p>Sobald Sie die Informationen auf dem Formular korrekt ausgef\u00fcllt haben, m\u00fcssen Sie nur noch die Geb\u00fchren f\u00fcr Ihren Antrag bezahlen und auf die Antwort auf Ihre Anfrage warten. Das Department of Homeland Security der USA entscheidet, ob Sie eine ESTA-Reisegenehmigung erhalten oder nicht.<\/p>\n\n<h2 class=\"wp-block-heading\"><span style=\"font-weight: 400;\">Wie lange dauert es, bis Sie eine Antwort erhalten?<\/span><\/h2>\n\n<p><span style=\"font-weight: 400;\">Der Vorteil des ESTA-Antrags liegt auch in der Schnelligkeit, mit der die Antwort erteilt wird. W\u00e4hrend man f\u00fcr ein USA-Visum manchmal mehrere Monate warten muss, wird das ESTA innerhalb von maximal drei Tagen ausgestellt und meist sofort beantwortet.<\/span><\/p>\n\n<p><span style=\"font-weight: 400;\">Um die Antwort einzusehen, gehen Sie auf die offizielle Website der US-Regierung und geben Sie Ihre ESTA-Nummer und Ihre Passnummer an. Drei Status k\u00f6nnen auftreten:  <\/span><\/p>\n\n<ul class=\"wp-block-list\">\n<li><span style=\"font-weight: 400;\">ESTA genehmigt<\/span><\/li>\n\n\n\n<li><span style=\"font-weight: 400;\">ESTA in der Warteschleife<\/span><\/li>\n\n\n\n<li><span style=\"font-weight: 400;\">ESTA lehnte ab<\/span><\/li>\n<\/ul>\n\n<div style=\"height:20px\" aria-hidden=\"true\" class=\"wp-block-spacer\"><\/div>\n\n<p><span style=\"font-weight: 400;\">Ist Ihr Status genehmigt? Sie k\u00f6nnen jetzt Ihren Aufenthalt in den USA planen. Ein Status in der Warteschleife bedeutet nicht, dass Ihr Antrag abgelehnt wird, sondern nur, dass die Pr\u00fcfung Ihrer Akte etwas mehr Zeit in Anspruch nimmt. Wenn Ihr Antrag aufgrund eines Fehlers Ihrerseits abgelehnt wird, stellen Sie einen neuen Antrag auf Genehmigung. Wenn das Formular keinen Fehler enth\u00e4lt, ist ein Antrag auf ein <a href=\"https:\/\/esta-etats-unis.net\/de\/wie-man-ein-us-visum-auswaehlt\/\">US-Visum<\/a> erforderlich.<\/span><\/p>\n\n<h2 class=\"wp-block-heading\"><span style=\"font-weight: 400;\">Wie lange kann ich meine Berechtigung nutzen?<\/span><\/h2>\n\n<p>Sobald Sie die ESTA-Genehmigung f\u00fcr die USA erhalten haben, k\u00f6nnen Sie innerhalb von zwei Jahren (der offiziellen G\u00fcltigkeitsdauer des Dokuments) mehrere Aufenthalte machen.<\/p>\n\n<p><span style=\"font-weight: 400;\">Achtung: Es gibt einige Ausnahmen. Wenn Sie Ihren elektronischen oder biometrischen Reisepass verlegt, verloren oder ersetzt haben oder sich wichtige Informationen \u00fcber Sie ge\u00e4ndert haben, sind Sie gezwungen, ein neues ESTA zu beantragen.<\/span> <\/p>\n\n<h2 class=\"wp-block-heading\"><span style=\"font-weight: 400;\">Kann ich die Informationen im ESTA-Formular \u00e4ndern?<\/span><\/h2>\n\n<p><span style=\"font-weight: 400;\">Nach dem Erhalt k\u00f6nnen einige Informationen in Ihrer ESTA-Genehmigung aktualisiert werden. Diese Aktualisierungen beziehen sich jedoch nur auf die E-Mail-Adresse und die Adresse am Zielort.<\/span><\/p>\n\n<p><span style=\"font-weight: 400;\">Wenn Sie andere Informationen \u00e4ndern m\u00f6chten, m\u00fcssen Sie f\u00fcr Ihren Aufenthalt in den USA ein neues ESTA beantragen.<\/span><\/p>\n","protected":false},"excerpt":{"rendered":"<p>ESTA, Electronic System for Travel Authorization, ist ein elektronisches System zur Reisegenehmigung f\u00fcr die USA. Dieses System wurde eingef\u00fchrt, um die Sicherheit bei Reisen in die USA zu erh\u00f6hen. Die ESTA-Reisegenehmigung f\u00fcr die USA wird allen Personen aus einem Land erteilt, das am Programm f\u00fcr visumfreies Reisen teilnimmt, und deren Reise zu touristischen, gesch\u00e4ftlichen oder &#8230; <a title=\"Wie man eine elektronische Reisegenehmigung ESTA f\u00fcr die USA erh\u00e4lt\" class=\"read-more\" href=\"https:\/\/esta-etats-unis.net\/de\/\" aria-label=\"Mehr Informationen \u00fcber Wie man eine elektronische Reisegenehmigung ESTA f\u00fcr die USA erh\u00e4lt\">Weiterlesen<\/a><\/p>\n","protected":false},"author":1,"featured_media":0,"parent":0,"menu_order":0,"comment_status":"closed","ping_status":"closed","template":"","meta":{"footnotes":""},"class_list":["post-440","page","type-page","status-publish"],"yoast_head":"<!-- This site is optimized with the Yoast SEO plugin v26.2 - https:\/\/yoast.com\/wordpress\/plugins\/seo\/ -->\n<title>Wie erhalte ich eine ESTA-Reisegenehmigung f\u00fcr die USA?<\/title>\n<meta name=\"description\" content=\"Die ESTA-Genehmigung ist f\u00fcr die Durchf\u00fchrung Ihrer Reise in die USA erforderlich. Wir erkl\u00e4ren Ihnen, wie Sie sie erhalten.\" \/>\n<meta name=\"robots\" content=\"index, follow, max-snippet:-1, max-image-preview:large, max-video-preview:-1\" \/>\n<link rel=\"canonical\" href=\"https:\/\/esta-etats-unis.net\/de\/\" \/>\n<meta property=\"og:locale\" content=\"de_DE\" \/>\n<meta property=\"og:type\" content=\"article\" \/>\n<meta property=\"og:title\" content=\"Wie erhalte ich eine ESTA-Reisegenehmigung f\u00fcr die USA?\" \/>\n<meta property=\"og:description\" content=\"Die ESTA-Genehmigung ist f\u00fcr die Durchf\u00fchrung Ihrer Reise in die USA erforderlich. Wir erkl\u00e4ren Ihnen, wie Sie sie erhalten.\" \/>\n<meta property=\"og:url\" content=\"https:\/\/esta-etats-unis.net\/de\/\" \/>\n<meta property=\"og:site_name\" content=\"Organisieren Sie Ihre Reise in die Vereinigten Staaten\" \/>\n<meta property=\"article:modified_time\" content=\"2025-09-23T09:16:22+00:00\" \/>\n<meta name=\"twitter:label1\" content=\"Gesch\u00e4tzte Lesezeit\" \/>\n\t<meta name=\"twitter:data1\" content=\"4\u00a0Minuten\" \/>\n<script type=\"application\/ld+json\" class=\"yoast-schema-graph\">{\"@context\":\"https:\/\/schema.org\",\"@graph\":[{\"@type\":\"WebPage\",\"@id\":\"https:\/\/esta-etats-unis.net\/de\/\",\"url\":\"https:\/\/esta-etats-unis.net\/de\/\",\"name\":\"Wie erhalte ich eine ESTA-Reisegenehmigung f\u00fcr die USA?\",\"isPartOf\":{\"@id\":\"https:\/\/esta-etats-unis.net\/de\/#website\"},\"datePublished\":\"2014-11-17T20:53:56+00:00\",\"dateModified\":\"2025-09-23T09:16:22+00:00\",\"description\":\"Die ESTA-Genehmigung ist f\u00fcr die Durchf\u00fchrung Ihrer Reise in die USA erforderlich. Wir erkl\u00e4ren Ihnen, wie Sie sie erhalten.\",\"inLanguage\":\"de\",\"potentialAction\":[{\"@type\":\"ReadAction\",\"target\":[\"https:\/\/esta-etats-unis.net\/de\/\"]}]},{\"@type\":\"WebSite\",\"@id\":\"https:\/\/esta-etats-unis.net\/de\/#website\",\"url\":\"https:\/\/esta-etats-unis.net\/de\/\",\"name\":\"Organisieren Sie Ihre Reise in die Vereinigten Staaten\",\"description\":\"\",\"potentialAction\":[{\"@type\":\"SearchAction\",\"target\":{\"@type\":\"EntryPoint\",\"urlTemplate\":\"https:\/\/esta-etats-unis.net\/de\/?s={search_term_string}\"},\"query-input\":{\"@type\":\"PropertyValueSpecification\",\"valueRequired\":true,\"valueName\":\"search_term_string\"}}],\"inLanguage\":\"de\"}]}<\/script>\n<!-- \/ Yoast SEO plugin. -->","yoast_head_json":{"title":"Wie erhalte ich eine ESTA-Reisegenehmigung f\u00fcr die USA?","description":"Die ESTA-Genehmigung ist f\u00fcr die Durchf\u00fchrung Ihrer Reise in die USA erforderlich. Wir erkl\u00e4ren Ihnen, wie Sie sie erhalten.","robots":{"index":"index","follow":"follow","max-snippet":"max-snippet:-1","max-image-preview":"max-image-preview:large","max-video-preview":"max-video-preview:-1"},"canonical":"https:\/\/esta-etats-unis.net\/de\/","og_locale":"de_DE","og_type":"article","og_title":"Wie erhalte ich eine ESTA-Reisegenehmigung f\u00fcr die USA?","og_description":"Die ESTA-Genehmigung ist f\u00fcr die Durchf\u00fchrung Ihrer Reise in die USA erforderlich. Wir erkl\u00e4ren Ihnen, wie Sie sie erhalten.","og_url":"https:\/\/esta-etats-unis.net\/de\/","og_site_name":"Organisieren Sie Ihre Reise in die Vereinigten Staaten","article_modified_time":"2025-09-23T09:16:22+00:00","twitter_misc":{"Gesch\u00e4tzte Lesezeit":"4\u00a0Minuten"},"schema":{"@context":"https:\/\/schema.org","@graph":[{"@type":"WebPage","@id":"https:\/\/esta-etats-unis.net\/de\/","url":"https:\/\/esta-etats-unis.net\/de\/","name":"Wie erhalte ich eine ESTA-Reisegenehmigung f\u00fcr die USA?","isPartOf":{"@id":"https:\/\/esta-etats-unis.net\/de\/#website"},"datePublished":"2014-11-17T20:53:56+00:00","dateModified":"2025-09-23T09:16:22+00:00","description":"Die ESTA-Genehmigung ist f\u00fcr die Durchf\u00fchrung Ihrer Reise in die USA erforderlich. Wir erkl\u00e4ren Ihnen, wie Sie sie erhalten.","inLanguage":"de","potentialAction":[{"@type":"ReadAction","target":["https:\/\/esta-etats-unis.net\/de\/"]}]},{"@type":"WebSite","@id":"https:\/\/esta-etats-unis.net\/de\/#website","url":"https:\/\/esta-etats-unis.net\/de\/","name":"Organisieren Sie Ihre Reise in die Vereinigten Staaten","description":"","potentialAction":[{"@type":"SearchAction","target":{"@type":"EntryPoint","urlTemplate":"https:\/\/esta-etats-unis.net\/de\/?s={search_term_string}"},"query-input":{"@type":"PropertyValueSpecification","valueRequired":true,"valueName":"search_term_string"}}],"inLanguage":"de"}]}},"_links":{"self":[{"href":"https:\/\/esta-etats-unis.net\/de\/wp-json\/wp\/v2\/pages\/440","targetHints":{"allow":["GET"]}}],"collection":[{"href":"https:\/\/esta-etats-unis.net\/de\/wp-json\/wp\/v2\/pages"}],"about":[{"href":"https:\/\/esta-etats-unis.net\/de\/wp-json\/wp\/v2\/types\/page"}],"author":[{"embeddable":true,"href":"https:\/\/esta-etats-unis.net\/de\/wp-json\/wp\/v2\/users\/1"}],"replies":[{"embeddable":true,"href":"https:\/\/esta-etats-unis.net\/de\/wp-json\/wp\/v2\/comments?post=440"}],"version-history":[{"count":11,"href":"https:\/\/esta-etats-unis.net\/de\/wp-json\/wp\/v2\/pages\/440\/revisions"}],"predecessor-version":[{"id":898,"href":"https:\/\/esta-etats-unis.net\/de\/wp-json\/wp\/v2\/pages\/440\/revisions\/898"}],"wp:attachment":[{"href":"https:\/\/esta-etats-unis.net\/de\/wp-json\/wp\/v2\/media?parent=440"}],"curies":[{"name":"wp","href":"https:\/\/api.w.org\/{rel}","templated":true}]}}