{"id":435,"date":"2019-03-29T12:33:12","date_gmt":"2019-03-29T11:33:12","guid":{"rendered":"https:\/\/esta-etats-unis.net\/wie-beantrage-ich-ein-visum-bei-der-us-botschaft\/"},"modified":"2024-10-09T09:03:39","modified_gmt":"2024-10-09T08:03:39","slug":"wie-beantrage-ich-ein-visum-bei-der-us-botschaft","status":"publish","type":"page","link":"https:\/\/esta-etats-unis.net\/de\/wie-beantrage-ich-ein-visum-bei-der-us-botschaft\/","title":{"rendered":"Wie beantrage ich ein Visum bei der US-Botschaft?"},"content":{"rendered":"\n<p><span style=\"font-weight: 400;\">Wenn man ein Visum f\u00fcr eine Reise in die USA beantragen m\u00f6chte, muss man sich zur <a href=\"https:\/\/www.usembassy.gov\/\">US-Botschaft<\/a> oder zum US-Konsulat in seinem Land begeben.  <\/span><\/p>\n\n<p><span style=\"font-weight: 400;\">Eine Botschaft ist die offizielle Vertretung eines Landes in einem anderen Land. Seine Aufgabe ist es, die Interessen seiner Nation mit dem Gastgeberland zu wahren und die Beziehungen zwischen den beiden Staaten sowohl politisch, wirtschaftlich als auch kulturell zu f\u00f6rdern.  <\/span><\/p>\n\n<p><span style=\"font-weight: 400;\">Das Generalkonsulat ist mit der Botschaft verbunden, erf\u00fcllt aber nicht dieselben Aufgaben. Denn sie \u00fcbernimmt nicht wie die Botschaft die Rolle eines politischen Vertreters, sondern die einer \u00f6ffentlichen Verwaltung. Doch auch wenn ihr Status unterschiedlich ist, erf\u00fcllen beide das Thema unseres Artikels: die Beantragung eines Visums f\u00fcr einen Aufenthalt in den Vereinigten Staaten von Amerika.  <\/span><\/p>\n\n<p><span style=\"font-weight: 400;\">Sehen wir uns an, welche Schritte notwendig sind, um ein <\/span><span style=\"font-weight: 400;\">Visum bei der amerikanischen Botschaft<\/span><span style=\"font-weight: 400;\">. <\/span> <\/p>\n\n<h2 class=\"wp-block-heading\"><span style=\"font-weight: 400;\">Welches Visum sollte man w\u00e4hlen?<\/span><\/h2>\n\n<p><span style=\"font-weight: 400;\">Bevor Sie die Schritte f\u00fcr einen Antrag auf ein <\/span><span style=\"font-weight: 400;\">Visum bei der amerikanischen Botschaft<\/span><span style=\"font-weight: 400;\">Wenn Sie ein Visum beantragen m\u00f6chten, sollten Sie sich zun\u00e4chst mit der Definition des Begriffs &#8222;Visum&#8220; befassen. <\/span> <\/p>\n\n<h3 class=\"wp-block-heading\"><span style=\"font-weight: 400;\">Was ist ein Visum?  <\/span><\/h3>\n\n<p><span style=\"font-weight: 400;\">Das USA-Visum ist eine Genehmigung f\u00fcr ausl\u00e4ndische Staatsb\u00fcrger, in die USA einzureisen. In der Regel wird er durch ein Siegel und eine Unterschrift repr\u00e4sentiert, die im elektronischen (oder biometrischen) Reisepass des ausl\u00e4ndischen Besuchers platziert werden.  <\/span><\/p>\n\n<p><span style=\"font-weight: 400;\">Die Beantragung eines US-Visums erfordert ein l\u00e4ngeres und umfangreicheres Verfahren als bei seinem Nachbarn, dem ESTA-Formular. Es ist n\u00e4mlich nicht m\u00f6glich, den Antrag online zu stellen. Sie m\u00fcssen <a href=\"https:\/\/esta-etats-unis.net\/de\/wie-man-ein-us-visum-auswaehlt\/\">die Art Ihres Visums ausw\u00e4hlen<\/a>, einen Termin bei der US-Botschaft vereinbaren und in einem Interview Fragen beantworten.  <\/span><\/p>\n\n<p><span style=\"font-weight: 400;\">Sie m\u00f6chten f\u00fcr einen Sprachkurs, einen Au-pair-Aufenthalt, einen Sommerjob oder ein Austauschprogramm <a href=\"https:\/\/www.earlham-ia.org\/en\/\">in die USA reisen<\/a> und Ihren amerikanischen Traum verwirklichen? Der Zweck Ihres Aufenthalts bestimmt, welches Visum f\u00fcr Sie im Rahmen der US-Regierung am besten geeignet ist.  <\/span><\/p>\n\n<h3 class=\"wp-block-heading\"><span style=\"font-weight: 400;\">Die verschiedenen Arten von USA-Visa<\/span><\/h3>\n\n<p><span style=\"font-weight: 400;\">Es gibt zwei verschiedene Kategorien: Visa f\u00fcr einen vor\u00fcbergehenden Aufenthalt und Einwanderungsvisa.  <\/span><\/p>\n\n<p><span style=\"font-weight: 400;\">Zu den Visa f\u00fcr einen befristeten Aufenthalt geh\u00f6ren die Kategorien :  <\/span><\/p>\n\n<ul class=\"wp-block-list\">\n<li><span style=\"font-weight: 400;\">Besuchervisum ;  <\/span><\/li>\n\n\n\n<li><span style=\"font-weight: 400;\"><a href=\"https:\/\/esta-etats-unis.net\/de\/wie-bekomme-ich-ein-usa-studentenvisum\/\">Studentenvisum<\/a>;  <\/span><\/li>\n\n\n\n<li><span style=\"font-weight: 400;\">Arbeitnehmervisum ;  <\/span><\/li>\n\n\n\n<li><span style=\"font-weight: 400;\">und andere Visa f\u00fcr Nicht-Immigranten.  <\/span><\/li>\n<\/ul>\n\n<p><span style=\"font-weight: 400;\">Zu den Einwanderungsvisa geh\u00f6ren :<\/span><\/p>\n\n<ul class=\"wp-block-list\">\n<li><span style=\"font-weight: 400;\">das Einwanderervisum (als legaler Daueraufenthalter) ;  <\/span><\/li>\n\n\n\n<li><span style=\"font-weight: 400;\">Die Diversity Visa Lotterie, besser bekannt als Green Card: ein gesetzliches Programm, bei dem ca. 50.000 US-Visa nach dem Zufallsprinzip verteilt werden.  <\/span><\/li>\n<\/ul>\n\n<p><span style=\"font-weight: 400;\">Staatsangeh\u00f6rige eines Mitgliedslandes des Programms f\u00fcr visumfreies Reisen (VWP) k\u00f6nnen die USA ohne Visum besuchen, indem sie einen ESTA-Antrag stellen. Wenn Sie sich nicht f\u00fcr das ESTA-Dokument qualifizieren, m\u00fcssen Sie den n\u00e4chsten Schritt des Termins bei der US-Botschaft zur Beantragung eines Visums gehen.  <\/span><\/p>\n\n<h2 class=\"wp-block-heading\"><span style=\"font-weight: 400;\">Der Termin <\/span><span style=\"font-weight: 400;\">Visum bei der amerikanischen Botschaft <\/span> <\/h2>\n\n<p><span style=\"font-weight: 400;\">Das Interview ist einer der entscheidendsten Schritte im Antragsverfahren f\u00fcr ein <\/span><span style=\"font-weight: 400;\">Visum bei der amerikanischen Botschaft<\/span><span style=\"font-weight: 400;\">. Denn sein Erhalt h\u00e4ngt ganz davon ab, dass der Termin mit den Vertretern der US-Beh\u00f6rden reibungslos verl\u00e4uft.<\/span><\/p>\n\n<h3 class=\"wp-block-heading\"><span style=\"font-weight: 400;\">Wie kann ich einen Termin vereinbaren?<\/span><\/h3>\n\n<p>Sie m\u00fcssen einen Termin bei der US-Botschaft f\u00fcr das Visum vereinbaren.<\/p>\n\n<p><span style=\"font-weight: 400;\">Stellen Sie sicher, dass Sie am Tag des Termins zu fr\u00fch kommen, da eine Versp\u00e4tung einen Nachteil bedeuten kann. Sie erhalten ein Ticket, mit dem Sie im Warteraum f\u00fcr Antragsteller warten k\u00f6nnen. Wenn Sie an der Reihe sind, nimmt ein Beamter Ihre Unterlagen und Ihre Fingerabdr\u00fccke entgegen. Anschlie\u00dfend werden Sie an einen anderen Beamten weitergeleitet, um das Gespr\u00e4ch zu f\u00fchren.  <\/span><\/p>\n\n<h3 class=\"wp-block-heading\"><span style=\"font-weight: 400;\">Welche Dokumente m\u00fcssen Sie mitnehmen?<\/span><\/h3>\n\n<ul class=\"wp-block-list\">\n<li><span style=\"font-weight: 400;\">Ihr biometrischer oder elektronischer Reisepass mit einer G\u00fcltigkeitsdauer von mindestens 6 Monaten (wenn er nicht der Frist entspricht, m\u00fcssen Sie bei Ihrem Rathaus einen neuen Reisepass beantragen);  <\/span><\/li>\n\n\n\n<li><span style=\"font-weight: 400;\">Das Formular DS-160, das Sie f\u00fcr den Visumantrag ausgef\u00fcllt haben, sowie Ihre SEVIS-Nummer;<\/span><\/li>\n\n\n\n<li><span style=\"font-weight: 400;\">Dokumente, die Ihre Zahlungsf\u00e4higkeit belegen (Gehaltsabrechnungen, Kontoausz\u00fcge usw.) ;<\/span><\/li>\n\n\n\n<li><span style=\"font-weight: 400;\">Die Verpflichtungserkl\u00e4rung Ihres Sponsors und ein g\u00fcltiges Stellenangebot (um ein Praktikum in den USA zu absolvieren) ;<\/span><\/li>\n\n\n\n<li><span style=\"font-weight: 400;\">offizielle Dokumente, die belegen, dass Sie von einer Schule angenommen wurden und \u00fcber gute Englischkenntnisse verf\u00fcgen (wenn Sie an einer amerikanischen Universit\u00e4t studieren m\u00f6chten).  <\/span><\/li>\n<\/ul>\n\n<h3 class=\"wp-block-heading\"><span style=\"font-weight: 400;\">Welche Fragen werden im Vorstellungsgespr\u00e4ch gestellt?  <\/span><\/h3>\n\n<p><span style=\"font-weight: 400;\">Wie bereits erw\u00e4hnt, ist dieser Schritt entscheidend f\u00fcr die Validierung Ihres<\/span><span style=\"font-weight: 400;\"> Visums bei der amerikanischen Botschaft<\/span><span style=\"font-weight: 400;\">. Bei diesem Gespr\u00e4ch wird der Beamte Ihnen Fragen in Bezug auf das gew\u00e4hlte Visum (Tourismus, Studium, internationaler Freiwilligendienst usw.) stellen, um Ihre Worte zu analysieren und zu \u00fcberpr\u00fcfen, ob Ihre Aufmerksamkeiten der inneren Sicherheit des Landes nicht abtr\u00e4glich sind. Der Konsularbeamte, der das Interview f\u00fchrt, wird auch Ihre Verbindungen zu Ihrem Heimatland \u00fcberpr\u00fcfen, um sicherzugehen, dass Sie sich nicht illegal in den USA aufhalten. Hier sind einige Beispiele f\u00fcr Fragen, auf die Sie sich vorbereiten k\u00f6nnen:  <\/span><\/p>\n\n<ul class=\"wp-block-list\">\n<li><span style=\"font-weight: 400;\">warum wollen Sie in die USA gehen?<\/span><\/li>\n\n\n\n<li><span style=\"font-weight: 400;\">warum m\u00f6chten Sie in den USA studieren\/arbeiten?<\/span><\/li>\n\n\n\n<li><span style=\"font-weight: 400;\">an welchen Universit\u00e4ten\/Unternehmen haben Sie sich beworben und wo werden Sie studieren\/arbeiten?<\/span><\/li>\n\n\n\n<li><span style=\"font-weight: 400;\">wie wollen Sie Ihr Studium finanzieren?  <\/span><\/li>\n\n\n\n<li><span style=\"font-weight: 400;\">wie wollen Sie Ihr Leben vor Ort finanzieren?  <\/span><\/li>\n\n\n\n<li><span style=\"font-weight: 400;\">wo werden Sie wohnen?<\/span><\/li>\n\n\n\n<li><span style=\"font-weight: 400;\">usw.  <\/span><\/li>\n<\/ul>\n\n<h3 class=\"wp-block-heading\"><span style=\"font-weight: 400;\">Wie erhalte ich die Antwort des Interviews f\u00fcr das <\/span><span style=\"font-weight: 400;\">Visum bei der US-Botschaft <\/span><span style=\"font-weight: 400;\">?<\/span><\/h3>\n\n<p><span style=\"font-weight: 400;\">Am Ende Ihres Gespr\u00e4chs k\u00f6nnen zwei Ergebnisse stehen: Ablehnung oder Genehmigung der Einreise in die USA.  <\/span><\/p>\n\n<p><span style=\"font-weight: 400;\">Falls Ihnen das Dokument nicht gew\u00e4hrt wird, erhalten Sie per Post ein Dokument mit den Gr\u00fcnden, warum Sie das Dokument nicht erhalten haben. <\/span><span style=\"font-weight: 400;\">Visum bei der US-Botschaft erhalten haben. <\/span> <\/p>\n\n<p><span style=\"font-weight: 400;\">Falls nicht, Gl\u00fcckwunsch Ihr Antrag wurde genehmigt, Sie haben die Erlaubnis, sich in den USA aufzuhalten, zu reisen oder zu leben! Die Antwort wird Ihnen unmittelbar nach dem Termin mitgeteilt. Ihr g\u00fcltiger Reisepass wird Ihnen 48 Stunden nach dem Termin per Post zur\u00fcckgegeben und mit dem Stempel des  <\/span><span style=\"font-weight: 400;\">Visum der amerikanischen Botschaft<\/span><span style=\"font-weight: 400;\"> im Inneren, um es den Zollbeamten des US-Zolls vorlegen zu k\u00f6nnen.<\/span><\/p>\n","protected":false},"excerpt":{"rendered":"<p>Wenn man ein Visum f\u00fcr eine Reise in die USA beantragen m\u00f6chte, muss man sich zur US-Botschaft oder zum US-Konsulat in seinem Land begeben. Eine Botschaft ist die offizielle Vertretung eines Landes in einem anderen Land. Seine Aufgabe ist es, die Interessen seiner Nation mit dem Gastgeberland zu wahren und die Beziehungen zwischen den beiden &#8230; <a title=\"Wie beantrage ich ein Visum bei der US-Botschaft?\" class=\"read-more\" href=\"https:\/\/esta-etats-unis.net\/de\/wie-beantrage-ich-ein-visum-bei-der-us-botschaft\/\" aria-label=\"Mehr Informationen \u00fcber Wie beantrage ich ein Visum bei der US-Botschaft?\">Weiterlesen<\/a><\/p>\n","protected":false},"author":1,"featured_media":0,"parent":0,"menu_order":0,"comment_status":"closed","ping_status":"closed","template":"","meta":{"footnotes":""},"class_list":["post-435","page","type-page","status-publish"],"yoast_head":"<!-- This site is optimized with the Yoast SEO plugin v26.2 - https:\/\/yoast.com\/wordpress\/plugins\/seo\/ -->\n<title>Ein Visum bei der US-Botschaft beantragen<\/title>\n<meta name=\"description\" content=\"Sie m\u00f6chten ein Visum beantragen, um in die USA zu reisen. Wir erkl\u00e4ren Ihnen alles, was Sie wissen m\u00fcssen.\" \/>\n<meta name=\"robots\" content=\"index, follow, max-snippet:-1, max-image-preview:large, max-video-preview:-1\" \/>\n<link rel=\"canonical\" href=\"https:\/\/esta-etats-unis.net\/de\/wie-beantrage-ich-ein-visum-bei-der-us-botschaft\/\" \/>\n<meta property=\"og:locale\" content=\"de_DE\" \/>\n<meta property=\"og:type\" content=\"article\" \/>\n<meta property=\"og:title\" content=\"Ein Visum bei der US-Botschaft beantragen\" \/>\n<meta property=\"og:description\" content=\"Sie m\u00f6chten ein Visum beantragen, um in die USA zu reisen. Wir erkl\u00e4ren Ihnen alles, was Sie wissen m\u00fcssen.\" \/>\n<meta property=\"og:url\" content=\"https:\/\/esta-etats-unis.net\/de\/wie-beantrage-ich-ein-visum-bei-der-us-botschaft\/\" \/>\n<meta property=\"og:site_name\" content=\"Organisieren Sie Ihre Reise in die Vereinigten Staaten\" \/>\n<meta property=\"article:modified_time\" content=\"2024-10-09T08:03:39+00:00\" \/>\n<meta name=\"twitter:label1\" content=\"Gesch\u00e4tzte Lesezeit\" \/>\n\t<meta name=\"twitter:data1\" content=\"5\u00a0Minuten\" \/>\n<script type=\"application\/ld+json\" class=\"yoast-schema-graph\">{\"@context\":\"https:\/\/schema.org\",\"@graph\":[{\"@type\":\"WebPage\",\"@id\":\"https:\/\/esta-etats-unis.net\/de\/wie-beantrage-ich-ein-visum-bei-der-us-botschaft\/\",\"url\":\"https:\/\/esta-etats-unis.net\/de\/wie-beantrage-ich-ein-visum-bei-der-us-botschaft\/\",\"name\":\"Ein Visum bei der US-Botschaft beantragen\",\"isPartOf\":{\"@id\":\"https:\/\/esta-etats-unis.net\/de\/#website\"},\"datePublished\":\"2019-03-29T11:33:12+00:00\",\"dateModified\":\"2024-10-09T08:03:39+00:00\",\"description\":\"Sie m\u00f6chten ein Visum beantragen, um in die USA zu reisen. Wir erkl\u00e4ren Ihnen alles, was Sie wissen m\u00fcssen.\",\"inLanguage\":\"de\",\"potentialAction\":[{\"@type\":\"ReadAction\",\"target\":[\"https:\/\/esta-etats-unis.net\/de\/wie-beantrage-ich-ein-visum-bei-der-us-botschaft\/\"]}]},{\"@type\":\"WebSite\",\"@id\":\"https:\/\/esta-etats-unis.net\/de\/#website\",\"url\":\"https:\/\/esta-etats-unis.net\/de\/\",\"name\":\"Organisieren Sie Ihre Reise in die Vereinigten Staaten\",\"description\":\"\",\"potentialAction\":[{\"@type\":\"SearchAction\",\"target\":{\"@type\":\"EntryPoint\",\"urlTemplate\":\"https:\/\/esta-etats-unis.net\/de\/?s={search_term_string}\"},\"query-input\":{\"@type\":\"PropertyValueSpecification\",\"valueRequired\":true,\"valueName\":\"search_term_string\"}}],\"inLanguage\":\"de\"}]}<\/script>\n<!-- \/ Yoast SEO plugin. -->","yoast_head_json":{"title":"Ein Visum bei der US-Botschaft beantragen","description":"Sie m\u00f6chten ein Visum beantragen, um in die USA zu reisen. Wir erkl\u00e4ren Ihnen alles, was Sie wissen m\u00fcssen.","robots":{"index":"index","follow":"follow","max-snippet":"max-snippet:-1","max-image-preview":"max-image-preview:large","max-video-preview":"max-video-preview:-1"},"canonical":"https:\/\/esta-etats-unis.net\/de\/wie-beantrage-ich-ein-visum-bei-der-us-botschaft\/","og_locale":"de_DE","og_type":"article","og_title":"Ein Visum bei der US-Botschaft beantragen","og_description":"Sie m\u00f6chten ein Visum beantragen, um in die USA zu reisen. Wir erkl\u00e4ren Ihnen alles, was Sie wissen m\u00fcssen.","og_url":"https:\/\/esta-etats-unis.net\/de\/wie-beantrage-ich-ein-visum-bei-der-us-botschaft\/","og_site_name":"Organisieren Sie Ihre Reise in die Vereinigten Staaten","article_modified_time":"2024-10-09T08:03:39+00:00","twitter_misc":{"Gesch\u00e4tzte Lesezeit":"5\u00a0Minuten"},"schema":{"@context":"https:\/\/schema.org","@graph":[{"@type":"WebPage","@id":"https:\/\/esta-etats-unis.net\/de\/wie-beantrage-ich-ein-visum-bei-der-us-botschaft\/","url":"https:\/\/esta-etats-unis.net\/de\/wie-beantrage-ich-ein-visum-bei-der-us-botschaft\/","name":"Ein Visum bei der US-Botschaft beantragen","isPartOf":{"@id":"https:\/\/esta-etats-unis.net\/de\/#website"},"datePublished":"2019-03-29T11:33:12+00:00","dateModified":"2024-10-09T08:03:39+00:00","description":"Sie m\u00f6chten ein Visum beantragen, um in die USA zu reisen. Wir erkl\u00e4ren Ihnen alles, was Sie wissen m\u00fcssen.","inLanguage":"de","potentialAction":[{"@type":"ReadAction","target":["https:\/\/esta-etats-unis.net\/de\/wie-beantrage-ich-ein-visum-bei-der-us-botschaft\/"]}]},{"@type":"WebSite","@id":"https:\/\/esta-etats-unis.net\/de\/#website","url":"https:\/\/esta-etats-unis.net\/de\/","name":"Organisieren Sie Ihre Reise in die Vereinigten Staaten","description":"","potentialAction":[{"@type":"SearchAction","target":{"@type":"EntryPoint","urlTemplate":"https:\/\/esta-etats-unis.net\/de\/?s={search_term_string}"},"query-input":{"@type":"PropertyValueSpecification","valueRequired":true,"valueName":"search_term_string"}}],"inLanguage":"de"}]}},"_links":{"self":[{"href":"https:\/\/esta-etats-unis.net\/de\/wp-json\/wp\/v2\/pages\/435","targetHints":{"allow":["GET"]}}],"collection":[{"href":"https:\/\/esta-etats-unis.net\/de\/wp-json\/wp\/v2\/pages"}],"about":[{"href":"https:\/\/esta-etats-unis.net\/de\/wp-json\/wp\/v2\/types\/page"}],"author":[{"embeddable":true,"href":"https:\/\/esta-etats-unis.net\/de\/wp-json\/wp\/v2\/users\/1"}],"replies":[{"embeddable":true,"href":"https:\/\/esta-etats-unis.net\/de\/wp-json\/wp\/v2\/comments?post=435"}],"version-history":[{"count":4,"href":"https:\/\/esta-etats-unis.net\/de\/wp-json\/wp\/v2\/pages\/435\/revisions"}],"predecessor-version":[{"id":817,"href":"https:\/\/esta-etats-unis.net\/de\/wp-json\/wp\/v2\/pages\/435\/revisions\/817"}],"wp:attachment":[{"href":"https:\/\/esta-etats-unis.net\/de\/wp-json\/wp\/v2\/media?parent=435"}],"curies":[{"name":"wp","href":"https:\/\/api.w.org\/{rel}","templated":true}]}}