{"id":430,"date":"2014-11-17T22:03:12","date_gmt":"2014-11-17T21:03:12","guid":{"rendered":"https:\/\/esta-etats-unis.net\/esta-formalitaeten-fuer-eine-reise-in-die-usa\/"},"modified":"2024-10-11T08:42:24","modified_gmt":"2024-10-11T07:42:24","slug":"esta-formalitaeten-fuer-eine-reise-in-die-usa","status":"publish","type":"page","link":"https:\/\/esta-etats-unis.net\/de\/esta-formalitaeten-fuer-eine-reise-in-die-usa\/","title":{"rendered":"ESTA-Formalit\u00e4ten f\u00fcr eine Reise in die USA"},"content":{"rendered":"\n<p>Die Formalit\u00e4ten f\u00fcr alle franz\u00f6sischen Staatsb\u00fcrger, die in die USA reisen m\u00f6chten, wurden durch die Einf\u00fchrung des Visa Waiver Program (VWP) vereinfacht. Denn anstelle eines komplizierten, teuren und langwierigen Visumsverfahrens muss der Reisende nur einen <a href=\"https:\/\/esta-etats-unis.net\/de\/\">ESTA-Antrag<\/a> stellen. Das Verfahren muss unbedingt online durchgef\u00fchrt werden; es ist einfach, schnell und die verlangten Geb\u00fchren sind sehr erschwinglich. Um ein ESTA zu erhalten und problemlos in die USA einreisen zu k\u00f6nnen, ist der Besitz eines g\u00fcltigen biometrischen oder elektronischen Reisepasses erforderlich.<\/p>\n\n<p>Das <a href=\"https:\/\/esta-etats-unis.net\/de\/wie-sieht-das-esta-formular-aus\/\">ESTA-Formular<\/a> ist auf speziellen Websites sowie auf der offiziellen Website der US-Regierung erh\u00e4ltlich. Er ist der einzige Schritt, den Sie f\u00fcr Ihren Aufenthalt in den USA unternehmen m\u00fcssen. Es ist zu beachten, dass f\u00fcr einen Aufenthalt von mehr als 90 Tagen oder f\u00fcr andere Zwecke als Gesch\u00e4ft, Tourismus oder Transit ein US-Visum beantragt werden muss.<\/p>\n\n<h2 class=\"wp-block-heading\">Informationen zum Erhalt von ESTA<\/h2>\n\n<p>ESTA oder Electronic System for Travel Authorization ist eine Reisegenehmigung, die f\u00fcr Staatsangeh\u00f6rige von VWP-L\u00e4ndern erforderlich ist, um <a href=\"https:\/\/document-esta.com\/de\/\">ohne USA-Visum in die Vereinigten Staaten zu reisen<\/a>. Es wurde eingef\u00fchrt, um die Sicherheitsma\u00dfnahmen an den Grenzen zu verst\u00e4rken.<\/p>\n\n<p>Es gibt verschiedene Kriterien, die erf\u00fcllt sein m\u00fcssen, um diese Genehmigung zu erhalten. Sie m\u00fcssen zwingend in die USA reisen, um dort einen Gesch\u00e4fts-, Tourismus- oder Transitaufenthalt von bis zu 90 Tagen zu absolvieren. Die erteilte Genehmigung ist zwei Jahre lang und f\u00fcr mehrere Einreisen in die Vereinigten Staaten von Amerika bis zu 90 Tagen g\u00fcltig. Das ESTA ist jedoch nicht mehr verwendbar und muss ab dem Tag erneuert werden, an dem der Reisepass abl\u00e4uft oder wenn die Genehmigung ausnahmsweise von den zust\u00e4ndigen Beh\u00f6rden aufgehoben wird. Eine Genehmigung kann aufgehoben werden, wenn Sie z. B. Ihren Nachnamen ge\u00e4ndert haben oder einen neuen Reisepass besitzen.<\/p>\n\n<p>Jede Erneuerung einer Genehmigung muss ein neues Verfahren durchlaufen und ein neues Dossier erstellt werden. Der ESTA-Antrag muss ausschlie\u00dflich online und mindestens 72 Stunden vor der gew\u00fcnschten Abreise beantragt werden. Wir empfehlen Ihnen, sich so fr\u00fch wie m\u00f6glich darum zu k\u00fcmmern, denn wenn Sie bei den verlangten Informationen einen Fehler machen oder die Voraussetzungen nicht erf\u00fcllen (Langzeitaufenthalt, Studium oder Arbeit &#8230;), dauert es l\u00e4nger, bis Sie eine neue ESTA-Genehmigung beantragen oder ein Visum bei der US-Botschaft beantragen k\u00f6nnen. Viele spezialisierte Websites bieten Reisenden Hilfe und Unterst\u00fctzung bei diesem Prozess an, insbesondere bei der Online-Beantragung des ESTA-Formulars, die mit gr\u00f6\u00dfter Sorgfalt und ohne Fehler oder Vers\u00e4umnisse durchgef\u00fchrt werden muss.<\/p>\n\n<h2 class=\"wp-block-heading\">Das ESTA-Formular f\u00fcr einen Aufenthalt in den USA<\/h2>\n\n<p>Einen ESTA-Antrag zu stellen ist sehr einfach. Der Reisende muss lediglich ein Online-Formular ausf\u00fcllen. Sie m\u00fcssen Ihre Genehmigung auf der <a href=\"https:\/\/www.dhs.gov\/\">Website der US-Regierung<\/a> bestellen.<\/p>\n\n<p>Die einzigen Dokumente, die ben\u00f6tigt werden, sind ein elektronischer oder biometrischer Reisepass und eine Zahlungskarte, die f\u00fcr die Validierung des Formulars erforderlich ist. F\u00fcr den <a href=\"https:\/\/esta-etats-unis.net\/de\/wie-sieht-das-esta-formular-aus\/\">ESTA-Antrag<\/a> muss ein <a href=\"https:\/\/esta-etats-unis.net\/de\/wie-sieht-das-esta-formular-aus\/\">ESTA-Fragebogen<\/a> online ausgef\u00fcllt werden (g\u00fcltige Passnummer, Vorname, Nachname, Geburtsdatum usw.).  Sie erhalten sehr schnell eine Antwort. In der Regel bearbeiten die US-Beh\u00f6rden Antr\u00e4ge innerhalb von 72 Stunden. Das ESTA-Dokument ist zwei Jahre lang g\u00fcltig. Dies erm\u00f6glicht Ihnen, mehrere Reisen auf amerikanischem Boden zu unternehmen.<\/p>\n","protected":false},"excerpt":{"rendered":"<p>Die Formalit\u00e4ten f\u00fcr alle franz\u00f6sischen Staatsb\u00fcrger, die in die USA reisen m\u00f6chten, wurden durch die Einf\u00fchrung des Visa Waiver Program (VWP) vereinfacht. Denn anstelle eines komplizierten, teuren und langwierigen Visumsverfahrens muss der Reisende nur einen ESTA-Antrag stellen. Das Verfahren muss unbedingt online durchgef\u00fchrt werden; es ist einfach, schnell und die verlangten Geb\u00fchren sind sehr erschwinglich. &#8230; <a title=\"ESTA-Formalit\u00e4ten f\u00fcr eine Reise in die USA\" class=\"read-more\" href=\"https:\/\/esta-etats-unis.net\/de\/esta-formalitaeten-fuer-eine-reise-in-die-usa\/\" aria-label=\"Mehr Informationen \u00fcber ESTA-Formalit\u00e4ten f\u00fcr eine Reise in die USA\">Weiterlesen<\/a><\/p>\n","protected":false},"author":1,"featured_media":0,"parent":0,"menu_order":0,"comment_status":"closed","ping_status":"closed","template":"","meta":{"footnotes":""},"class_list":["post-430","page","type-page","status-publish"],"yoast_head":"<!-- This site is optimized with the Yoast SEO plugin v26.2 - https:\/\/yoast.com\/wordpress\/plugins\/seo\/ -->\n<title>ESTA-Einreiseformalit\u00e4ten f\u00fcr eine Reise in die USA<\/title>\n<meta name=\"description\" content=\"Wir erl\u00e4utern Ihnen die verschiedenen Formalit\u00e4ten, die Sie erledigen m\u00fcssen, um ein ESTA zu erhalten und in die Vereinigten Staaten von Amerika zu reisen.\" \/>\n<meta name=\"robots\" content=\"index, follow, max-snippet:-1, max-image-preview:large, max-video-preview:-1\" \/>\n<link rel=\"canonical\" href=\"https:\/\/esta-etats-unis.net\/de\/esta-formalitaeten-fuer-eine-reise-in-die-usa\/\" \/>\n<meta property=\"og:locale\" content=\"de_DE\" \/>\n<meta property=\"og:type\" content=\"article\" \/>\n<meta property=\"og:title\" content=\"ESTA-Einreiseformalit\u00e4ten f\u00fcr eine Reise in die USA\" \/>\n<meta property=\"og:description\" content=\"Wir erl\u00e4utern Ihnen die verschiedenen Formalit\u00e4ten, die Sie erledigen m\u00fcssen, um ein ESTA zu erhalten und in die Vereinigten Staaten von Amerika zu reisen.\" \/>\n<meta property=\"og:url\" content=\"https:\/\/esta-etats-unis.net\/de\/esta-formalitaeten-fuer-eine-reise-in-die-usa\/\" \/>\n<meta property=\"og:site_name\" content=\"Organisieren Sie Ihre Reise in die Vereinigten Staaten\" \/>\n<meta property=\"article:modified_time\" content=\"2024-10-11T07:42:24+00:00\" \/>\n<meta name=\"twitter:label1\" content=\"Gesch\u00e4tzte Lesezeit\" \/>\n\t<meta name=\"twitter:data1\" content=\"3\u00a0Minuten\" \/>\n<script type=\"application\/ld+json\" class=\"yoast-schema-graph\">{\"@context\":\"https:\/\/schema.org\",\"@graph\":[{\"@type\":\"WebPage\",\"@id\":\"https:\/\/esta-etats-unis.net\/de\/esta-formalitaeten-fuer-eine-reise-in-die-usa\/\",\"url\":\"https:\/\/esta-etats-unis.net\/de\/esta-formalitaeten-fuer-eine-reise-in-die-usa\/\",\"name\":\"ESTA-Einreiseformalit\u00e4ten f\u00fcr eine Reise in die USA\",\"isPartOf\":{\"@id\":\"https:\/\/esta-etats-unis.net\/de\/#website\"},\"datePublished\":\"2014-11-17T21:03:12+00:00\",\"dateModified\":\"2024-10-11T07:42:24+00:00\",\"description\":\"Wir erl\u00e4utern Ihnen die verschiedenen Formalit\u00e4ten, die Sie erledigen m\u00fcssen, um ein ESTA zu erhalten und in die Vereinigten Staaten von Amerika zu reisen.\",\"inLanguage\":\"de\",\"potentialAction\":[{\"@type\":\"ReadAction\",\"target\":[\"https:\/\/esta-etats-unis.net\/de\/esta-formalitaeten-fuer-eine-reise-in-die-usa\/\"]}]},{\"@type\":\"WebSite\",\"@id\":\"https:\/\/esta-etats-unis.net\/de\/#website\",\"url\":\"https:\/\/esta-etats-unis.net\/de\/\",\"name\":\"Organisieren Sie Ihre Reise in die Vereinigten Staaten\",\"description\":\"\",\"potentialAction\":[{\"@type\":\"SearchAction\",\"target\":{\"@type\":\"EntryPoint\",\"urlTemplate\":\"https:\/\/esta-etats-unis.net\/de\/?s={search_term_string}\"},\"query-input\":{\"@type\":\"PropertyValueSpecification\",\"valueRequired\":true,\"valueName\":\"search_term_string\"}}],\"inLanguage\":\"de\"}]}<\/script>\n<!-- \/ Yoast SEO plugin. -->","yoast_head_json":{"title":"ESTA-Einreiseformalit\u00e4ten f\u00fcr eine Reise in die USA","description":"Wir erl\u00e4utern Ihnen die verschiedenen Formalit\u00e4ten, die Sie erledigen m\u00fcssen, um ein ESTA zu erhalten und in die Vereinigten Staaten von Amerika zu reisen.","robots":{"index":"index","follow":"follow","max-snippet":"max-snippet:-1","max-image-preview":"max-image-preview:large","max-video-preview":"max-video-preview:-1"},"canonical":"https:\/\/esta-etats-unis.net\/de\/esta-formalitaeten-fuer-eine-reise-in-die-usa\/","og_locale":"de_DE","og_type":"article","og_title":"ESTA-Einreiseformalit\u00e4ten f\u00fcr eine Reise in die USA","og_description":"Wir erl\u00e4utern Ihnen die verschiedenen Formalit\u00e4ten, die Sie erledigen m\u00fcssen, um ein ESTA zu erhalten und in die Vereinigten Staaten von Amerika zu reisen.","og_url":"https:\/\/esta-etats-unis.net\/de\/esta-formalitaeten-fuer-eine-reise-in-die-usa\/","og_site_name":"Organisieren Sie Ihre Reise in die Vereinigten Staaten","article_modified_time":"2024-10-11T07:42:24+00:00","twitter_misc":{"Gesch\u00e4tzte Lesezeit":"3\u00a0Minuten"},"schema":{"@context":"https:\/\/schema.org","@graph":[{"@type":"WebPage","@id":"https:\/\/esta-etats-unis.net\/de\/esta-formalitaeten-fuer-eine-reise-in-die-usa\/","url":"https:\/\/esta-etats-unis.net\/de\/esta-formalitaeten-fuer-eine-reise-in-die-usa\/","name":"ESTA-Einreiseformalit\u00e4ten f\u00fcr eine Reise in die USA","isPartOf":{"@id":"https:\/\/esta-etats-unis.net\/de\/#website"},"datePublished":"2014-11-17T21:03:12+00:00","dateModified":"2024-10-11T07:42:24+00:00","description":"Wir erl\u00e4utern Ihnen die verschiedenen Formalit\u00e4ten, die Sie erledigen m\u00fcssen, um ein ESTA zu erhalten und in die Vereinigten Staaten von Amerika zu reisen.","inLanguage":"de","potentialAction":[{"@type":"ReadAction","target":["https:\/\/esta-etats-unis.net\/de\/esta-formalitaeten-fuer-eine-reise-in-die-usa\/"]}]},{"@type":"WebSite","@id":"https:\/\/esta-etats-unis.net\/de\/#website","url":"https:\/\/esta-etats-unis.net\/de\/","name":"Organisieren Sie Ihre Reise in die Vereinigten Staaten","description":"","potentialAction":[{"@type":"SearchAction","target":{"@type":"EntryPoint","urlTemplate":"https:\/\/esta-etats-unis.net\/de\/?s={search_term_string}"},"query-input":{"@type":"PropertyValueSpecification","valueRequired":true,"valueName":"search_term_string"}}],"inLanguage":"de"}]}},"_links":{"self":[{"href":"https:\/\/esta-etats-unis.net\/de\/wp-json\/wp\/v2\/pages\/430","targetHints":{"allow":["GET"]}}],"collection":[{"href":"https:\/\/esta-etats-unis.net\/de\/wp-json\/wp\/v2\/pages"}],"about":[{"href":"https:\/\/esta-etats-unis.net\/de\/wp-json\/wp\/v2\/types\/page"}],"author":[{"embeddable":true,"href":"https:\/\/esta-etats-unis.net\/de\/wp-json\/wp\/v2\/users\/1"}],"replies":[{"embeddable":true,"href":"https:\/\/esta-etats-unis.net\/de\/wp-json\/wp\/v2\/comments?post=430"}],"version-history":[{"count":12,"href":"https:\/\/esta-etats-unis.net\/de\/wp-json\/wp\/v2\/pages\/430\/revisions"}],"predecessor-version":[{"id":890,"href":"https:\/\/esta-etats-unis.net\/de\/wp-json\/wp\/v2\/pages\/430\/revisions\/890"}],"wp:attachment":[{"href":"https:\/\/esta-etats-unis.net\/de\/wp-json\/wp\/v2\/media?parent=430"}],"curies":[{"name":"wp","href":"https:\/\/api.w.org\/{rel}","templated":true}]}}